{"id":1089,"date":"2022-11-04T23:19:13","date_gmt":"2022-11-04T22:19:13","guid":{"rendered":"https:\/\/barbacane.ch\/?page_id=1089"},"modified":"2022-11-04T23:35:48","modified_gmt":"2022-11-04T22:35:48","slug":"contact-1","status":"publish","type":"page","link":"https:\/\/barbacane.ch\/?page_id=1089","title":{"rendered":"Contact"},"content":{"rendered":"[av_one_full first min_height='' vertical_alignment='av-align-top' space='' row_boxshadow='' row_boxshadow_width='10' row_boxshadow_color='' custom_margin='' margin='0px' av-desktop-margin='' av-medium-margin='' av-small-margin='' av-mini-margin='' mobile_breaking='' mobile_column_order='' border='' border_style='solid' border_color='' radius='' min_col_height='' padding='' av-desktop-padding='' av-medium-padding='' av-small-padding='' av-mini-padding='' svg_div_top='' svg_div_top_color='#333333' svg_div_top_width='100' svg_div_top_height='50' svg_div_top_max_height='none' svg_div_top_flip='' svg_div_top_invert='' svg_div_top_front='' svg_div_top_opacity='' svg_div_top_preview='' svg_div_bottom='' svg_div_bottom_color='#333333' svg_div_bottom_width='100' svg_div_bottom_height='50' svg_div_bottom_max_height='none' svg_div_bottom_flip='' svg_div_bottom_invert='' svg_div_bottom_front='' svg_div_bottom_opacity='' svg_div_bottom_preview='' column_boxshadow='' column_boxshadow_width='10' column_boxshadow_color='' background='bg_color' background_color='' background_gradient_direction='vertical' background_gradient_color1='#000000' background_gradient_color2='#ffffff' background_gradient_color3='' src='' background_position='top left' background_repeat='no-repeat' highlight='' highlight_size='' animation='' animation_duration='' animation_custom_bg_color='' animation_z_index_curtain='100' parallax_parallax='' parallax_parallax_speed='' av-desktop-parallax_parallax='' av-desktop-parallax_parallax_speed='' av-medium-parallax_parallax='' av-medium-parallax_parallax_speed='' av-small-parallax_parallax='' av-small-parallax_parallax_speed='' av-mini-parallax_parallax='' av-mini-parallax_parallax_speed='' css_position='' css_position_location='' css_position_z_index='' av-desktop-css_position='' av-desktop-css_position_location='' av-desktop-css_position_z_index='' av-medium-css_position='' av-medium-css_position_location='' av-medium-css_position_z_index='' av-small-css_position='' av-small-css_position_location='' av-small-css_position_z_index='' av-mini-css_position='' av-mini-css_position_location='' av-mini-css_position_z_index='' link='' linktarget='' link_hover='' title_attr='' alt_attr='' mobile_display='' mobile_col_pos='0' id='' custom_class='' template_class='' aria_label='' av_uid='av-sb16n' sc_version='1.0']\r\n[av_textblock textblock_styling_align='' textblock_styling='' textblock_styling_gap='' textblock_styling_mobile='' size='40' av-desktop-font-size='' av-medium-font-size='' av-small-font-size='' av-mini-font-size='' font_color='custom' color='#000000' id='' custom_class='' template_class='' av_uid='av-la1gopyx' sc_version='1.0' admin_preview_bg='']\r\n<p style=\"text-align: center;\"><strong>A Propos<\/strong><\/p>\r\n[\/av_textblock]\r\n[\/av_one_full]\r\n\r\n[av_hr class='default' icon_select='yes' icon='ue808' position='center' shadow='no-shadow' height='50' custom_border='av-border-thin' custom_width='50px' custom_margin_top='30px' custom_margin_bottom='30px' custom_border_color='' custom_icon_color='' av-desktop-hide='' av-medium-hide='' av-small-hide='' av-mini-hide='' id='' custom_class='' template_class='' av_uid='av-246a7' sc_version='1.0']\r\n\r\n[av_three_fifth first min_height='' vertical_alignment='av-align-top' space='' row_boxshadow='' row_boxshadow_width='10' row_boxshadow_color='' custom_margin='' margin='0px' av-desktop-margin='' av-medium-margin='' av-small-margin='' av-mini-margin='' mobile_breaking='' mobile_column_order='' border='' border_style='solid' border_color='' radius='' min_col_height='' padding='' av-desktop-padding='' av-medium-padding='' av-small-padding='' av-mini-padding='' svg_div_top='' svg_div_top_color='#333333' svg_div_top_width='100' svg_div_top_height='50' svg_div_top_max_height='none' svg_div_top_flip='' svg_div_top_invert='' svg_div_top_front='' svg_div_top_opacity='' svg_div_top_preview='' svg_div_bottom='' svg_div_bottom_color='#333333' svg_div_bottom_width='100' svg_div_bottom_height='50' svg_div_bottom_max_height='none' svg_div_bottom_flip='' svg_div_bottom_invert='' svg_div_bottom_front='' svg_div_bottom_opacity='' svg_div_bottom_preview='' column_boxshadow='' column_boxshadow_width='10' column_boxshadow_color='' background='bg_color' background_color='' background_gradient_direction='vertical' background_gradient_color1='#000000' background_gradient_color2='#ffffff' background_gradient_color3='' src='' background_position='top left' background_repeat='no-repeat' highlight='' highlight_size='' animation='' animation_duration='' animation_custom_bg_color='' animation_z_index_curtain='100' parallax_parallax='' parallax_parallax_speed='' av-desktop-parallax_parallax='' av-desktop-parallax_parallax_speed='' av-medium-parallax_parallax='' av-medium-parallax_parallax_speed='' av-small-parallax_parallax='' av-small-parallax_parallax_speed='' av-mini-parallax_parallax='' av-mini-parallax_parallax_speed='' css_position='' css_position_location='' css_position_z_index='' av-desktop-css_position='' av-desktop-css_position_location='' av-desktop-css_position_z_index='' av-medium-css_position='' av-medium-css_position_location='' av-medium-css_position_z_index='' av-small-css_position='' av-small-css_position_location='' av-small-css_position_z_index='' av-mini-css_position='' av-mini-css_position_location='' av-mini-css_position_z_index='' link='' linktarget='' link_hover='' title_attr='' alt_attr='' mobile_display='' mobile_col_pos='0' id='' custom_class='' template_class='' aria_label='' av_uid='av-cmk73' sc_version='1.0']\r\n\r\n[av_textblock textblock_styling_align='justify' textblock_styling='' textblock_styling_gap='' textblock_styling_mobile='' size='20' av-desktop-font-size='' av-medium-font-size='' av-small-font-size='' av-mini-font-size='' font_color='' color='' id='' custom_class='' template_class='' av_uid='av-la1fmnjo' sc_version='1.0' admin_preview_bg='']\r\n<div class=\"av-special-heading av-2gmxn9-7ad8f1e7672d10a2e0e70f3dd610f850 av-special-heading-h1 custom-color-heading blockquote modern-quote avia-builder-el-1 el_after_av_slideshow_full el_before_av_one_full avia-builder-el-first av-inherit-size\">\r\n<div class=\"av_custom_color av-subheading av-subheading_above\"><\/div>\r\n<\/div>\r\n<div class=\"flex_column av-16fi5p-0d9b02401b18695b89dbc2f3872f43fb av_one_full avia-builder-el-2 el_after_av_heading el_before_av_one_fourth first flex_column_div \">\r\n<section class=\"av_textblock_section av-la170f8z-443a6d6a824d8675e78528020a1e4a51\">\r\n<div class=\"avia_textblock\">\r\n<p class=\"p1\">De l\u2019agencement \u00e0 la cabane perch\u00e9e, je cr\u00e9e des objets et des espaces de qualit\u00e9 durables et inspirants qui apportent saveur et authenticit\u00e9 \u00e0 votre quotidien.<\/p>\r\n<p class=\"p1\">En collaboration avec une \u00e9quipe d\u2019artisans, techniciens et architectes je vous accompagne de la conception aux finitions dans la r\u00e9alisation de projets sur mesure, respectueux de vos r\u00eaves et de vos envies.<\/p>\r\n<p class=\"p1\">Je privil\u00e9gie des solutions et des mat\u00e9riaux \u00e9cologiques.<\/p>\r\n<p class=\"p1\" style=\"text-align: left;\"><\/p>\r\n\r\n<\/div>\r\n<\/section><\/div>\r\n[\/av_textblock]\r\n\r\n[\/av_three_fifth][av_two_fifth min_height='' vertical_alignment='av-align-top' space='' row_boxshadow='' row_boxshadow_width='10' row_boxshadow_color='' custom_margin='' margin='0px' av-desktop-margin='' av-medium-margin='' av-small-margin='' av-mini-margin='' mobile_breaking='' mobile_column_order='' border='' border_style='solid' border_color='' radius='' min_col_height='' padding='' av-desktop-padding='' av-medium-padding='' av-small-padding='' av-mini-padding='' svg_div_top='' svg_div_top_color='#333333' svg_div_top_width='100' svg_div_top_height='50' svg_div_top_max_height='none' svg_div_top_flip='' svg_div_top_invert='' svg_div_top_front='' svg_div_top_opacity='' svg_div_top_preview='' svg_div_bottom='' svg_div_bottom_color='#333333' svg_div_bottom_width='100' svg_div_bottom_height='50' svg_div_bottom_max_height='none' svg_div_bottom_flip='' svg_div_bottom_invert='' svg_div_bottom_front='' svg_div_bottom_opacity='' svg_div_bottom_preview='' column_boxshadow='' column_boxshadow_width='10' column_boxshadow_color='' background='bg_color' background_color='' background_gradient_direction='vertical' background_gradient_color1='#000000' background_gradient_color2='#ffffff' background_gradient_color3='' src='' background_position='top left' background_repeat='no-repeat' highlight='' highlight_size='' animation='' animation_duration='' animation_custom_bg_color='' animation_z_index_curtain='100' parallax_parallax='' parallax_parallax_speed='' av-desktop-parallax_parallax='' av-desktop-parallax_parallax_speed='' av-medium-parallax_parallax='' av-medium-parallax_parallax_speed='' av-small-parallax_parallax='' av-small-parallax_parallax_speed='' av-mini-parallax_parallax='' av-mini-parallax_parallax_speed='' css_position='' css_position_location='' css_position_z_index='' av-desktop-css_position='' av-desktop-css_position_location='' av-desktop-css_position_z_index='' av-medium-css_position='' av-medium-css_position_location='' av-medium-css_position_z_index='' av-small-css_position='' av-small-css_position_location='' av-small-css_position_z_index='' av-mini-css_position='' av-mini-css_position_location='' av-mini-css_position_z_index='' link='' linktarget='' link_hover='' title_attr='' alt_attr='' mobile_display='' mobile_col_pos='0' id='' custom_class='' template_class='' aria_label='' av_uid='av-apztz' sc_version='1.0']\r\n[av_image src='https:\/\/barbacane.ch\/wp-content\/uploads\/2022\/11\/Matthias-2-300x169.jpg' attachment='1010' attachment_size='medium' copyright='' caption='' image_size='no scaling' styling='' box_shadow='none' box_shadow_width='10' box_shadow_color='' align='center' font_size='' overlay_opacity='0.4' overlay_color='#000000' overlay_text_color='#ffffff' animation='no-animation' animation_duration='' animation_custom_bg_color='' animation_z_index_curtain='100' parallax_parallax='' parallax_parallax_speed='' av-desktop-parallax_parallax='' av-desktop-parallax_parallax_speed='' av-medium-parallax_parallax='' av-medium-parallax_parallax_speed='' av-small-parallax_parallax='' av-small-parallax_parallax_speed='' av-mini-parallax_parallax='' av-mini-parallax_parallax_speed='' hover='' blur_image='' grayscale_image='' fade_image='' appearance='' css_position='' css_position_location=',,,' css_position_z_index='' av-desktop-css_position='' av-desktop-css_position_location=',,,' av-desktop-css_position_z_index='' av-medium-css_position='' av-medium-css_position_location=',,,' av-medium-css_position_z_index='' av-small-css_position='' av-small-css_position_location=',,,' av-small-css_position_z_index='' av-mini-css_position='' av-mini-css_position_location=',,,' av-mini-css_position_z_index='' transform_perspective='' transform_rotation=',,,' transform_scale=',,' transform_skew=',' transform_translate=',,' av-desktop-transform_perspective='' av-desktop-transform_rotation=',,,' av-desktop-transform_scale=',,' av-desktop-transform_skew=',' av-desktop-transform_translate=',,' av-medium-transform_perspective='' av-medium-transform_rotation=',,,' av-medium-transform_scale=',,' av-medium-transform_skew=',' av-medium-transform_translate=',,' av-small-transform_perspective='' av-small-transform_rotation=',,,' av-small-transform_scale=',,' av-small-transform_skew=',' av-small-transform_translate=',,' av-mini-transform_perspective='' av-mini-transform_rotation=',,,' av-mini-transform_scale=',,' av-mini-transform_skew=',' av-mini-transform_translate=',,' mask_overlay='' mask_overlay_shape='blob' mask_overlay_size='contain' mask_overlay_scale='100%' mask_overlay_position='center center' mask_overlay_repeat='no-repeat' mask_overlay_rotate='' mask_overlay_rad_shape='circle' mask_overlay_rad_position='center center' mask_overlay_opacity1='0' mask_overlay_opacity2='1' mask_overlay_opacity3='' link='' target='' title_attr='' alt_attr='' img_scrset='' lazy_loading='disabled' id='' custom_class='' template_class='' av_element_hidden_in_editor='0' av_uid='av-la1gkydi' sc_version='1.0' admin_preview_bg=''][\/av_image]\r\n[\/av_two_fifth]\r\n\r\n\n<div  class='hr av-av_hr-f04ef840c2b66cff6c43fead44ee8d66 hr-default  avia-builder-el-1  el_after_av_postcontent  el_before_av_one_fifth  avia-builder-el-first '><span class='hr-inner '><span class=\"hr-inner-style\"><\/span><\/span><\/div>\n<div class='flex_column av-av_one_fifth-fad18e03df51ae3bf2ee71e19bdd8f00 av_one_fifth  avia-builder-el-2  el_after_av_hr  el_before_av_one_fourth  first flex_column_div '     ><\/div>\n<div class='flex_column av-av_one_fourth-9871ad29194e33185df5013cff296793 av_one_fourth  avia-builder-el-3  el_after_av_one_fifth  el_before_av_hr  flex_column_div '     ><style type=\"text\/css\" data-created_by=\"avia_inline_auto\" id=\"style-css-av-la326wsm-06a0b78245a4a7ff846af0a2e33e7332\">\n#top .av_textblock_section.av-la326wsm-06a0b78245a4a7ff846af0a2e33e7332 .avia_textblock{\nfont-size:40px;\ncolor:#000000;\n}\n<\/style>\n<section  class='av_textblock_section av-la326wsm-06a0b78245a4a7ff846af0a2e33e7332'  itemscope=\"itemscope\" itemtype=\"https:\/\/schema.org\/CreativeWork\" ><div class='avia_textblock av_inherit_color'  itemprop=\"text\" ><p style=\"text-align: left;\"><strong>Contact<\/strong><\/p>\n<\/div><\/section><br \/>\n<section  class='av_textblock_section av-la329zld-396d2b40ff31e0158b1c6fd8585d9053'  itemscope=\"itemscope\" itemtype=\"https:\/\/schema.org\/CreativeWork\" ><div class='avia_textblock'  itemprop=\"text\" ><p style=\"text-align: left;\">Matthias Braun<\/p>\n<p style=\"text-align: left;\"><span class=\"s1\"><a href=\"mailto:bramatthias@gmail.com\">bramatthias<\/a><\/span><\/p>\n<p class=\"p1\" style=\"text-align: left;\"><span class=\"s1\">+ 41 77 461 94 17<\/span><\/p>\n<p class=\"p1\" style=\"text-align: left;\"><span class=\"s1\">Chemin des Bornands 6 \u00a0<\/span><\/p>\n<p class=\"p1\" style=\"text-align: left;\"><span class=\"s1\">1257 La Croix de Rozon<\/span><\/p>\n<p style=\"text-align: left;\"><span class=\"s1\">IDE: CHE-213.616.370<\/span><\/p>\n<\/div><\/section><\/p><\/div><div  class='hr av-335v75-16711b51791888f54cb705e709a38379 hr-default  avia-builder-el-6  el_after_av_one_fourth  avia-builder-el-last '><span class='hr-inner '><span class=\"hr-inner-style\"><\/span><\/span><\/div><\/p>\n","protected":false},"excerpt":{"rendered":"","protected":false},"author":1,"featured_media":0,"parent":0,"menu_order":0,"comment_status":"closed","ping_status":"closed","template":"","meta":{"footnotes":""},"class_list":["post-1089","page","type-page","status-publish","hentry"],"_links":{"self":[{"href":"https:\/\/barbacane.ch\/index.php?rest_route=\/wp\/v2\/pages\/1089","targetHints":{"allow":["GET"]}}],"collection":[{"href":"https:\/\/barbacane.ch\/index.php?rest_route=\/wp\/v2\/pages"}],"about":[{"href":"https:\/\/barbacane.ch\/index.php?rest_route=\/wp\/v2\/types\/page"}],"author":[{"embeddable":true,"href":"https:\/\/barbacane.ch\/index.php?rest_route=\/wp\/v2\/users\/1"}],"replies":[{"embeddable":true,"href":"https:\/\/barbacane.ch\/index.php?rest_route=%2Fwp%2Fv2%2Fcomments&post=1089"}],"version-history":[{"count":0,"href":"https:\/\/barbacane.ch\/index.php?rest_route=\/wp\/v2\/pages\/1089\/revisions"}],"wp:attachment":[{"href":"https:\/\/barbacane.ch\/index.php?rest_route=%2Fwp%2Fv2%2Fmedia&parent=1089"}],"curies":[{"name":"wp","href":"https:\/\/api.w.org\/{rel}","templated":true}]}}